{"id":103,"date":"2025-06-12T01:36:21","date_gmt":"2025-06-12T01:36:21","guid":{"rendered":"https:\/\/mercadosautomaticos.com\/?page_id=103"},"modified":"2025-09-10T19:07:38","modified_gmt":"2025-09-10T19:07:38","slug":"maquinas","status":"publish","type":"page","link":"https:\/\/mercadosautomaticos.com\/index.php\/maquinas\/","title":{"rendered":"Maquinas"},"content":{"rendered":"\n<div class=\"wp-block-columns is-layout-flex wp-container-core-columns-is-layout-28f84493 wp-block-columns-is-layout-flex\">\n<div class=\"wp-block-column is-layout-flow wp-block-column-is-layout-flow\">\n<figure class=\"wp-block-image size-large\"><img loading=\"lazy\" decoding=\"async\" width=\"591\" height=\"1024\" src=\"https:\/\/mercadosautomaticos.com\/wp-content\/uploads\/2025\/06\/6-AMS-Visi-Combo-39-768x1330-1-591x1024.jpg\" alt=\"\" class=\"wp-image-153\" srcset=\"https:\/\/mercadosautomaticos.com\/wp-content\/uploads\/2025\/06\/6-AMS-Visi-Combo-39-768x1330-1-591x1024.jpg 591w, https:\/\/mercadosautomaticos.com\/wp-content\/uploads\/2025\/06\/6-AMS-Visi-Combo-39-768x1330-1-173x300.jpg 173w, https:\/\/mercadosautomaticos.com\/wp-content\/uploads\/2025\/06\/6-AMS-Visi-Combo-39-768x1330-1.jpg 768w\" sizes=\"auto, (max-width: 591px) 100vw, 591px\" \/><\/figure>\n<\/div>\n\n\n\n<div class=\"wp-block-column is-layout-flow wp-block-column-is-layout-flow\">\n<h2 class=\"wp-block-heading has-accent-color has-text-color has-link-color wp-elements-4e46143ba9d2761fe78cfd5213fa90fb\">Visi Combo 39<\/h2>\n\n\n\n<p>VISICOMBO con divisi\u00f3n interna de temperatura nos da la posibilidad de ofrecer una amplia gama de productos, como bocadillos, botanas, dulces y bebidas , en diversos empaques, todo en una sola m\u00e1quina.<br>Adem\u00e1s como todas las m\u00e1quinas AMS, cuenta con el sistema de sensores de entrega garantizada SENSIT\u00ae.<br>VISICOMBO es la mejor opci\u00f3n para expandir tu mercado a base de un servicio amplio y sin la necesidad de invertir en dos m\u00e1quinas.<br>La m\u00e1quina VISICOMBO es reconocida como el modelo de m\u00e1quina de mayor aceptaci\u00f3n para la introducci\u00f3n de nuevos puntos operativos por su gran capacidad y variedad de productos que hacen de ella una m\u00e1quina de alto consumo.<\/p>\n<\/div>\n<\/div>\n\n\n\n<div style=\"height:100px\" aria-hidden=\"true\" class=\"wp-block-spacer\"><\/div>\n\n\n\n<div class=\"wp-block-columns is-layout-flex wp-container-core-columns-is-layout-28f84493 wp-block-columns-is-layout-flex\">\n<div class=\"wp-block-column is-layout-flow wp-block-column-is-layout-flow\">\n<h2 class=\"wp-block-heading has-accent-color has-text-color has-link-color wp-elements-e8011c4f0b3d4240d812277683a2a82b\">Snack 39<\/h2>\n\n\n\n<p>La SNACK 39\u201d es una m\u00e1quina para la venta de productos a temperatura ambiente o refrigerados, versatilidad es la caracter\u00edstica que define a este modelo, botanas, dulces, galletas, papeler\u00eda, art\u00edculos personales, herramlientas, son solo algunas de las opciones que podemos ofrecer. Con una capacidad en su configuraci\u00f3n est\u00e1ndar de 553 unidades es una de las m\u00e1s atractivas del mercado.<br>La m\u00e1quina SNACK39\u201d fue la primera en el mercado en contar con sistema de sensores SENSIT\u00ae, siendo International AMS el pionero en ofrecer una atenci\u00f3n de confianza al consumidor final.<br>Su dise\u00f1o interno en la composici\u00f3n de charolas y espirales hace que se convierta en una m\u00e1quina muy amigable y atractiva para los operadores, poder mover las alturas de las charolas y sus variantes en seleccion es tanto de ancho como de capacidad por cada espiral, permitiendo ofrecer una amplia gama de productos.<\/p>\n<\/div>\n\n\n\n<div class=\"wp-block-column is-layout-flow wp-block-column-is-layout-flow\"><div class=\"wp-block-image\">\n<figure class=\"aligncenter size-large\"><img loading=\"lazy\" decoding=\"async\" width=\"599\" height=\"1024\" src=\"https:\/\/mercadosautomaticos.com\/wp-content\/uploads\/2025\/06\/1-AMS-snack-ambiente-39-768x1313-1-599x1024.jpg\" alt=\"\" class=\"wp-image-156\" srcset=\"https:\/\/mercadosautomaticos.com\/wp-content\/uploads\/2025\/06\/1-AMS-snack-ambiente-39-768x1313-1-599x1024.jpg 599w, https:\/\/mercadosautomaticos.com\/wp-content\/uploads\/2025\/06\/1-AMS-snack-ambiente-39-768x1313-1-175x300.jpg 175w, https:\/\/mercadosautomaticos.com\/wp-content\/uploads\/2025\/06\/1-AMS-snack-ambiente-39-768x1313-1.jpg 768w\" sizes=\"auto, (max-width: 599px) 100vw, 599px\" \/><\/figure>\n<\/div><\/div>\n<\/div>\n\n\n\n<div style=\"height:100px\" aria-hidden=\"true\" class=\"wp-block-spacer\"><\/div>\n\n\n\n<div class=\"wp-block-columns is-layout-flex wp-container-core-columns-is-layout-28f84493 wp-block-columns-is-layout-flex\">\n<div class=\"wp-block-column is-layout-flow wp-block-column-is-layout-flow\">\n<figure class=\"wp-block-image size-full\"><img loading=\"lazy\" decoding=\"async\" width=\"475\" height=\"475\" src=\"https:\/\/mercadosautomaticos.com\/wp-content\/uploads\/2025\/06\/MAQUINA-REFRESCOS-DISPLAY2.jpg\" alt=\"\" class=\"wp-image-161\" srcset=\"https:\/\/mercadosautomaticos.com\/wp-content\/uploads\/2025\/06\/MAQUINA-REFRESCOS-DISPLAY2.jpg 475w, https:\/\/mercadosautomaticos.com\/wp-content\/uploads\/2025\/06\/MAQUINA-REFRESCOS-DISPLAY2-300x300.jpg 300w, https:\/\/mercadosautomaticos.com\/wp-content\/uploads\/2025\/06\/MAQUINA-REFRESCOS-DISPLAY2-150x150.jpg 150w\" sizes=\"auto, (max-width: 475px) 100vw, 475px\" \/><\/figure>\n<\/div>\n\n\n\n<div class=\"wp-block-column is-layout-flow wp-block-column-is-layout-flow\">\n<h2 class=\"wp-block-heading has-accent-color has-text-color has-link-color wp-elements-f635d8937be6bddcef5c24fbd01417e9\">Vendo Refresh Blue 721<\/h2>\n\n\n\n<p>Maquina Despachadora de Refrescos en Lata o en Botella Pet con ventanas de producto en la puerta, con 10 Selecciones , alto Rendimiento, ideal para lugares tales como centros comerciales, restaurantes, hoteles, escuelas, hospitales, empresas y todo aquel lugar propio para la venta de Latas y Refrescos en botella con alto flujo de consumidores.<\/p>\n<\/div>\n<\/div>\n\n\n\n<div style=\"height:100px\" aria-hidden=\"true\" class=\"wp-block-spacer\"><\/div>\n\n\n\n<div class=\"wp-block-columns is-layout-flex wp-container-core-columns-is-layout-28f84493 wp-block-columns-is-layout-flex\">\n<div class=\"wp-block-column is-layout-flow wp-block-column-is-layout-flow\">\n<h2 class=\"wp-block-heading has-accent-color has-text-color has-link-color wp-elements-c4bdc13549c836074208410c75c618d3\">Caf\u00e9<\/h2>\n<\/div>\n\n\n\n<div class=\"wp-block-column is-layout-flow wp-block-column-is-layout-flow\"><div class=\"wp-block-image\">\n<figure class=\"aligncenter size-large\"><img loading=\"lazy\" decoding=\"async\" width=\"401\" height=\"1024\" src=\"https:\/\/mercadosautomaticos.com\/wp-content\/uploads\/2025\/09\/cafe-401x1024.png\" alt=\"\" class=\"wp-image-287\" srcset=\"https:\/\/mercadosautomaticos.com\/wp-content\/uploads\/2025\/09\/cafe-401x1024.png 401w, https:\/\/mercadosautomaticos.com\/wp-content\/uploads\/2025\/09\/cafe-118x300.png 118w, https:\/\/mercadosautomaticos.com\/wp-content\/uploads\/2025\/09\/cafe.png 576w\" sizes=\"auto, (max-width: 401px) 100vw, 401px\" \/><\/figure>\n<\/div><\/div>\n<\/div>\n\n\n\n<div class=\"wp-block-columns is-layout-flex wp-container-core-columns-is-layout-28f84493 wp-block-columns-is-layout-flex\">\n<div class=\"wp-block-column is-layout-flow wp-block-column-is-layout-flow\"><\/div>\n\n\n\n<div class=\"wp-block-column is-layout-flow wp-block-column-is-layout-flow\"><\/div>\n<\/div>\n\n\n\n<p><\/p>\n","protected":false},"excerpt":{"rendered":"<p>Visi Combo 39 VISICOMBO con divisi\u00f3n interna de temperatura nos da la posibilidad de ofrecer una amplia gama de productos, como bocadillos, botanas, dulces y bebidas , en diversos empaques, todo en una sola m\u00e1quina.Adem\u00e1s como todas las m\u00e1quinas AMS, cuenta con el sistema de sensores de entrega garantizada SENSIT\u00ae.VISICOMBO [&hellip;]<\/p>\n","protected":false},"author":1,"featured_media":96,"parent":0,"menu_order":0,"comment_status":"closed","ping_status":"closed","template":"","meta":{"_themeisle_gutenberg_block_has_review":false,"footnotes":""},"class_list":["post-103","page","type-page","status-publish","has-post-thumbnail","hentry"],"yoast_head":"<!-- This site is optimized with the Yoast SEO plugin v25.2 - https:\/\/yoast.com\/wordpress\/plugins\/seo\/ -->\n<title>Maquinas - Innovaci\u00f3n en Mercados Autom\u00e1ticos<\/title>\n<meta name=\"robots\" content=\"index, follow, max-snippet:-1, max-image-preview:large, max-video-preview:-1\" \/>\n<link rel=\"canonical\" href=\"https:\/\/mercadosautomaticos.com\/index.php\/maquinas\/\" \/>\n<meta property=\"og:locale\" content=\"es_ES\" \/>\n<meta property=\"og:type\" content=\"article\" \/>\n<meta property=\"og:title\" content=\"Maquinas - Innovaci\u00f3n en Mercados Autom\u00e1ticos\" \/>\n<meta property=\"og:description\" content=\"Visi Combo 39 VISICOMBO con divisi\u00f3n interna de temperatura nos da la posibilidad de ofrecer una amplia gama de productos, como bocadillos, botanas, dulces y bebidas , en diversos empaques, todo en una sola m\u00e1quina.Adem\u00e1s como todas las m\u00e1quinas AMS, cuenta con el sistema de sensores de entrega garantizada SENSIT\u00ae.VISICOMBO [&hellip;]\" \/>\n<meta property=\"og:url\" content=\"https:\/\/mercadosautomaticos.com\/index.php\/maquinas\/\" \/>\n<meta property=\"og:site_name\" content=\"Innovaci\u00f3n en Mercados Autom\u00e1ticos\" \/>\n<meta property=\"article:publisher\" content=\"https:\/\/www.facebook.com\/innovacionmercadosautomaticos\" \/>\n<meta property=\"article:modified_time\" content=\"2025-09-10T19:07:38+00:00\" \/>\n<meta property=\"og:image\" content=\"https:\/\/mercadosautomaticos.com\/wp-content\/uploads\/2025\/06\/amsint.jpg\" \/>\n\t<meta property=\"og:image:width\" content=\"2048\" \/>\n\t<meta property=\"og:image:height\" content=\"1373\" \/>\n\t<meta property=\"og:image:type\" content=\"image\/jpeg\" \/>\n<meta name=\"twitter:card\" content=\"summary_large_image\" \/>\n<meta name=\"twitter:label1\" content=\"Tiempo de lectura\" \/>\n\t<meta name=\"twitter:data1\" content=\"3 minutos\" \/>\n<script type=\"application\/ld+json\" class=\"yoast-schema-graph\">{\"@context\":\"https:\/\/schema.org\",\"@graph\":[{\"@type\":\"WebPage\",\"@id\":\"https:\/\/mercadosautomaticos.com\/index.php\/maquinas\/\",\"url\":\"https:\/\/mercadosautomaticos.com\/index.php\/maquinas\/\",\"name\":\"Maquinas - Innovaci\u00f3n en Mercados Autom\u00e1ticos\",\"isPartOf\":{\"@id\":\"https:\/\/mercadosautomaticos.com\/#website\"},\"primaryImageOfPage\":{\"@id\":\"https:\/\/mercadosautomaticos.com\/index.php\/maquinas\/#primaryimage\"},\"image\":{\"@id\":\"https:\/\/mercadosautomaticos.com\/index.php\/maquinas\/#primaryimage\"},\"thumbnailUrl\":\"https:\/\/mercadosautomaticos.com\/wp-content\/uploads\/2025\/06\/amsint.jpg\",\"datePublished\":\"2025-06-12T01:36:21+00:00\",\"dateModified\":\"2025-09-10T19:07:38+00:00\",\"breadcrumb\":{\"@id\":\"https:\/\/mercadosautomaticos.com\/index.php\/maquinas\/#breadcrumb\"},\"inLanguage\":\"es\",\"potentialAction\":[{\"@type\":\"ReadAction\",\"target\":[\"https:\/\/mercadosautomaticos.com\/index.php\/maquinas\/\"]}]},{\"@type\":\"ImageObject\",\"inLanguage\":\"es\",\"@id\":\"https:\/\/mercadosautomaticos.com\/index.php\/maquinas\/#primaryimage\",\"url\":\"https:\/\/mercadosautomaticos.com\/wp-content\/uploads\/2025\/06\/amsint.jpg\",\"contentUrl\":\"https:\/\/mercadosautomaticos.com\/wp-content\/uploads\/2025\/06\/amsint.jpg\",\"width\":2048,\"height\":1373},{\"@type\":\"BreadcrumbList\",\"@id\":\"https:\/\/mercadosautomaticos.com\/index.php\/maquinas\/#breadcrumb\",\"itemListElement\":[{\"@type\":\"ListItem\",\"position\":1,\"name\":\"Portada\",\"item\":\"https:\/\/mercadosautomaticos.com\/\"},{\"@type\":\"ListItem\",\"position\":2,\"name\":\"Maquinas\"}]},{\"@type\":\"WebSite\",\"@id\":\"https:\/\/mercadosautomaticos.com\/#website\",\"url\":\"https:\/\/mercadosautomaticos.com\/\",\"name\":\"Innovaci\u00f3n en Mercados Autom\u00e1ticos\",\"description\":\"\",\"publisher\":{\"@id\":\"https:\/\/mercadosautomaticos.com\/#organization\"},\"potentialAction\":[{\"@type\":\"SearchAction\",\"target\":{\"@type\":\"EntryPoint\",\"urlTemplate\":\"https:\/\/mercadosautomaticos.com\/?s={search_term_string}\"},\"query-input\":{\"@type\":\"PropertyValueSpecification\",\"valueRequired\":true,\"valueName\":\"search_term_string\"}}],\"inLanguage\":\"es\"},{\"@type\":\"Organization\",\"@id\":\"https:\/\/mercadosautomaticos.com\/#organization\",\"name\":\"Innovaci\u00f3n en Mercados Autom\u00e1ticos\",\"url\":\"https:\/\/mercadosautomaticos.com\/\",\"logo\":{\"@type\":\"ImageObject\",\"inLanguage\":\"es\",\"@id\":\"https:\/\/mercadosautomaticos.com\/#\/schema\/logo\/image\/\",\"url\":\"https:\/\/mercadosautomaticos.com\/wp-content\/uploads\/2025\/09\/InnovacionMercadosAutomaticosLogo.jpg\",\"contentUrl\":\"https:\/\/mercadosautomaticos.com\/wp-content\/uploads\/2025\/09\/InnovacionMercadosAutomaticosLogo.jpg\",\"width\":713,\"height\":317,\"caption\":\"Innovaci\u00f3n en Mercados Autom\u00e1ticos\"},\"image\":{\"@id\":\"https:\/\/mercadosautomaticos.com\/#\/schema\/logo\/image\/\"},\"sameAs\":[\"https:\/\/www.facebook.com\/innovacionmercadosautomaticos\",\"https:\/\/www.instagram.com\/innovacionmercadosautomaticos\"]}]}<\/script>\n<!-- \/ Yoast SEO plugin. -->","yoast_head_json":{"title":"Maquinas - Innovaci\u00f3n en Mercados Autom\u00e1ticos","robots":{"index":"index","follow":"follow","max-snippet":"max-snippet:-1","max-image-preview":"max-image-preview:large","max-video-preview":"max-video-preview:-1"},"canonical":"https:\/\/mercadosautomaticos.com\/index.php\/maquinas\/","og_locale":"es_ES","og_type":"article","og_title":"Maquinas - Innovaci\u00f3n en Mercados Autom\u00e1ticos","og_description":"Visi Combo 39 VISICOMBO con divisi\u00f3n interna de temperatura nos da la posibilidad de ofrecer una amplia gama de productos, como bocadillos, botanas, dulces y bebidas , en diversos empaques, todo en una sola m\u00e1quina.Adem\u00e1s como todas las m\u00e1quinas AMS, cuenta con el sistema de sensores de entrega garantizada SENSIT\u00ae.VISICOMBO [&hellip;]","og_url":"https:\/\/mercadosautomaticos.com\/index.php\/maquinas\/","og_site_name":"Innovaci\u00f3n en Mercados Autom\u00e1ticos","article_publisher":"https:\/\/www.facebook.com\/innovacionmercadosautomaticos","article_modified_time":"2025-09-10T19:07:38+00:00","og_image":[{"width":2048,"height":1373,"url":"https:\/\/mercadosautomaticos.com\/wp-content\/uploads\/2025\/06\/amsint.jpg","type":"image\/jpeg"}],"twitter_card":"summary_large_image","twitter_misc":{"Tiempo de lectura":"3 minutos"},"schema":{"@context":"https:\/\/schema.org","@graph":[{"@type":"WebPage","@id":"https:\/\/mercadosautomaticos.com\/index.php\/maquinas\/","url":"https:\/\/mercadosautomaticos.com\/index.php\/maquinas\/","name":"Maquinas - Innovaci\u00f3n en Mercados Autom\u00e1ticos","isPartOf":{"@id":"https:\/\/mercadosautomaticos.com\/#website"},"primaryImageOfPage":{"@id":"https:\/\/mercadosautomaticos.com\/index.php\/maquinas\/#primaryimage"},"image":{"@id":"https:\/\/mercadosautomaticos.com\/index.php\/maquinas\/#primaryimage"},"thumbnailUrl":"https:\/\/mercadosautomaticos.com\/wp-content\/uploads\/2025\/06\/amsint.jpg","datePublished":"2025-06-12T01:36:21+00:00","dateModified":"2025-09-10T19:07:38+00:00","breadcrumb":{"@id":"https:\/\/mercadosautomaticos.com\/index.php\/maquinas\/#breadcrumb"},"inLanguage":"es","potentialAction":[{"@type":"ReadAction","target":["https:\/\/mercadosautomaticos.com\/index.php\/maquinas\/"]}]},{"@type":"ImageObject","inLanguage":"es","@id":"https:\/\/mercadosautomaticos.com\/index.php\/maquinas\/#primaryimage","url":"https:\/\/mercadosautomaticos.com\/wp-content\/uploads\/2025\/06\/amsint.jpg","contentUrl":"https:\/\/mercadosautomaticos.com\/wp-content\/uploads\/2025\/06\/amsint.jpg","width":2048,"height":1373},{"@type":"BreadcrumbList","@id":"https:\/\/mercadosautomaticos.com\/index.php\/maquinas\/#breadcrumb","itemListElement":[{"@type":"ListItem","position":1,"name":"Portada","item":"https:\/\/mercadosautomaticos.com\/"},{"@type":"ListItem","position":2,"name":"Maquinas"}]},{"@type":"WebSite","@id":"https:\/\/mercadosautomaticos.com\/#website","url":"https:\/\/mercadosautomaticos.com\/","name":"Innovaci\u00f3n en Mercados Autom\u00e1ticos","description":"","publisher":{"@id":"https:\/\/mercadosautomaticos.com\/#organization"},"potentialAction":[{"@type":"SearchAction","target":{"@type":"EntryPoint","urlTemplate":"https:\/\/mercadosautomaticos.com\/?s={search_term_string}"},"query-input":{"@type":"PropertyValueSpecification","valueRequired":true,"valueName":"search_term_string"}}],"inLanguage":"es"},{"@type":"Organization","@id":"https:\/\/mercadosautomaticos.com\/#organization","name":"Innovaci\u00f3n en Mercados Autom\u00e1ticos","url":"https:\/\/mercadosautomaticos.com\/","logo":{"@type":"ImageObject","inLanguage":"es","@id":"https:\/\/mercadosautomaticos.com\/#\/schema\/logo\/image\/","url":"https:\/\/mercadosautomaticos.com\/wp-content\/uploads\/2025\/09\/InnovacionMercadosAutomaticosLogo.jpg","contentUrl":"https:\/\/mercadosautomaticos.com\/wp-content\/uploads\/2025\/09\/InnovacionMercadosAutomaticosLogo.jpg","width":713,"height":317,"caption":"Innovaci\u00f3n en Mercados Autom\u00e1ticos"},"image":{"@id":"https:\/\/mercadosautomaticos.com\/#\/schema\/logo\/image\/"},"sameAs":["https:\/\/www.facebook.com\/innovacionmercadosautomaticos","https:\/\/www.instagram.com\/innovacionmercadosautomaticos"]}]}},"_links":{"self":[{"href":"https:\/\/mercadosautomaticos.com\/index.php\/wp-json\/wp\/v2\/pages\/103","targetHints":{"allow":["GET"]}}],"collection":[{"href":"https:\/\/mercadosautomaticos.com\/index.php\/wp-json\/wp\/v2\/pages"}],"about":[{"href":"https:\/\/mercadosautomaticos.com\/index.php\/wp-json\/wp\/v2\/types\/page"}],"author":[{"embeddable":true,"href":"https:\/\/mercadosautomaticos.com\/index.php\/wp-json\/wp\/v2\/users\/1"}],"replies":[{"embeddable":true,"href":"https:\/\/mercadosautomaticos.com\/index.php\/wp-json\/wp\/v2\/comments?post=103"}],"version-history":[{"count":8,"href":"https:\/\/mercadosautomaticos.com\/index.php\/wp-json\/wp\/v2\/pages\/103\/revisions"}],"predecessor-version":[{"id":288,"href":"https:\/\/mercadosautomaticos.com\/index.php\/wp-json\/wp\/v2\/pages\/103\/revisions\/288"}],"wp:featuredmedia":[{"embeddable":true,"href":"https:\/\/mercadosautomaticos.com\/index.php\/wp-json\/wp\/v2\/media\/96"}],"wp:attachment":[{"href":"https:\/\/mercadosautomaticos.com\/index.php\/wp-json\/wp\/v2\/media?parent=103"}],"curies":[{"name":"wp","href":"https:\/\/api.w.org\/{rel}","templated":true}]}}