{"id":145,"date":"2025-06-13T04:24:06","date_gmt":"2025-06-13T04:24:06","guid":{"rendered":"https:\/\/mercadosautomaticos.com\/?page_id=145"},"modified":"2025-09-10T19:04:02","modified_gmt":"2025-09-10T19:04:02","slug":"refacciones","status":"publish","type":"page","link":"https:\/\/mercadosautomaticos.com\/index.php\/refacciones\/","title":{"rendered":"Seminuevas"},"content":{"rendered":"\n<p>En <strong>IMA<\/strong> ponemos a tu disposici\u00f3n <strong>m\u00e1quinas seminuevas<\/strong>, cuidadosamente revisadas y garantizadas para ofrecerte el mejor rendimiento.<br>Cada equipo pasa por un proceso de <strong>inspecci\u00f3n, mantenimiento preventivo y correctivo<\/strong>, asegurando su correcto funcionamiento en sistemas de refrigeraci\u00f3n, monederos, billeteros y tarjetas electr\u00f3nicas.<\/p>\n\n\n\n<p>Con nuestras m\u00e1quinas seminuevas obtienes:<br>\u2705 <strong>Ahorro significativo<\/strong> frente a una m\u00e1quina nueva.<br>\u2705 <strong>Calidad garantizada<\/strong>, lista para trabajar desde el primer d\u00eda.<br>\u2705 <strong>Soporte t\u00e9cnico especializado<\/strong> y refacciones disponibles.<\/p>\n\n\n\n<p>\ud83d\udc49 <strong>Invierte con confianza<\/strong> en un equipo confiable que se adapta a las necesidades de tu negocio.<\/p>\n\n\n\n<div class=\"wp-block-columns is-layout-flex wp-container-core-columns-is-layout-28f84493 wp-block-columns-is-layout-flex\">\n<div class=\"wp-block-column is-layout-flow wp-block-column-is-layout-flow\"><div class=\"wp-block-image\">\n<figure class=\"aligncenter size-large is-resized\"><img loading=\"lazy\" decoding=\"async\" width=\"686\" height=\"1024\" src=\"https:\/\/mercadosautomaticos.com\/wp-content\/uploads\/2025\/09\/semi1-686x1024.png\" alt=\"\" class=\"wp-image-283\" style=\"width:auto;height:600px\" srcset=\"https:\/\/mercadosautomaticos.com\/wp-content\/uploads\/2025\/09\/semi1-686x1024.png 686w, https:\/\/mercadosautomaticos.com\/wp-content\/uploads\/2025\/09\/semi1-201x300.png 201w, https:\/\/mercadosautomaticos.com\/wp-content\/uploads\/2025\/09\/semi1.png 720w\" sizes=\"auto, (max-width: 686px) 100vw, 686px\" \/><\/figure>\n<\/div><\/div>\n\n\n\n<div class=\"wp-block-column is-layout-flow wp-block-column-is-layout-flow\"><div class=\"wp-block-image\">\n<figure class=\"aligncenter size-full is-resized\"><img loading=\"lazy\" decoding=\"async\" width=\"580\" height=\"990\" src=\"https:\/\/mercadosautomaticos.com\/wp-content\/uploads\/2025\/09\/semi2.png\" alt=\"\" class=\"wp-image-282\" style=\"width:auto;height:600px\" srcset=\"https:\/\/mercadosautomaticos.com\/wp-content\/uploads\/2025\/09\/semi2.png 580w, https:\/\/mercadosautomaticos.com\/wp-content\/uploads\/2025\/09\/semi2-176x300.png 176w\" sizes=\"auto, (max-width: 580px) 100vw, 580px\" \/><\/figure>\n<\/div><\/div>\n<\/div>\n","protected":false},"excerpt":{"rendered":"<p>En IMA ponemos a tu disposici\u00f3n m\u00e1quinas seminuevas, cuidadosamente revisadas y garantizadas para ofrecerte el mejor rendimiento.Cada equipo pasa por un proceso de inspecci\u00f3n, mantenimiento preventivo y correctivo, asegurando su correcto funcionamiento en sistemas de refrigeraci\u00f3n, monederos, billeteros y tarjetas electr\u00f3nicas. Con nuestras m\u00e1quinas seminuevas obtienes:\u2705 Ahorro significativo frente a [&hellip;]<\/p>\n","protected":false},"author":1,"featured_media":184,"parent":0,"menu_order":0,"comment_status":"closed","ping_status":"closed","template":"","meta":{"_themeisle_gutenberg_block_has_review":false,"footnotes":""},"class_list":["post-145","page","type-page","status-publish","has-post-thumbnail","hentry"],"yoast_head":"<!-- This site is optimized with the Yoast SEO plugin v25.2 - https:\/\/yoast.com\/wordpress\/plugins\/seo\/ -->\n<title>Seminuevas - Innovaci\u00f3n en Mercados Autom\u00e1ticos<\/title>\n<meta name=\"robots\" content=\"index, follow, max-snippet:-1, max-image-preview:large, max-video-preview:-1\" \/>\n<link rel=\"canonical\" href=\"https:\/\/mercadosautomaticos.com\/index.php\/refacciones\/\" \/>\n<meta property=\"og:locale\" content=\"es_ES\" \/>\n<meta property=\"og:type\" content=\"article\" \/>\n<meta property=\"og:title\" content=\"Seminuevas - Innovaci\u00f3n en Mercados Autom\u00e1ticos\" \/>\n<meta property=\"og:description\" content=\"En IMA ponemos a tu disposici\u00f3n m\u00e1quinas seminuevas, cuidadosamente revisadas y garantizadas para ofrecerte el mejor rendimiento.Cada equipo pasa por un proceso de inspecci\u00f3n, mantenimiento preventivo y correctivo, asegurando su correcto funcionamiento en sistemas de refrigeraci\u00f3n, monederos, billeteros y tarjetas electr\u00f3nicas. Con nuestras m\u00e1quinas seminuevas obtienes:\u2705 Ahorro significativo frente a [&hellip;]\" \/>\n<meta property=\"og:url\" content=\"https:\/\/mercadosautomaticos.com\/index.php\/refacciones\/\" \/>\n<meta property=\"og:site_name\" content=\"Innovaci\u00f3n en Mercados Autom\u00e1ticos\" \/>\n<meta property=\"article:publisher\" content=\"https:\/\/www.facebook.com\/innovacionmercadosautomaticos\" \/>\n<meta property=\"article:modified_time\" content=\"2025-09-10T19:04:02+00:00\" \/>\n<meta property=\"og:image\" content=\"https:\/\/mercadosautomaticos.com\/wp-content\/uploads\/2025\/09\/hero-vending.jpg\" \/>\n\t<meta property=\"og:image:width\" content=\"1900\" \/>\n\t<meta property=\"og:image:height\" content=\"1266\" \/>\n\t<meta property=\"og:image:type\" content=\"image\/jpeg\" \/>\n<meta name=\"twitter:card\" content=\"summary_large_image\" \/>\n<meta name=\"twitter:label1\" content=\"Tiempo de lectura\" \/>\n\t<meta name=\"twitter:data1\" content=\"2 minutos\" \/>\n<script type=\"application\/ld+json\" class=\"yoast-schema-graph\">{\"@context\":\"https:\/\/schema.org\",\"@graph\":[{\"@type\":\"WebPage\",\"@id\":\"https:\/\/mercadosautomaticos.com\/index.php\/refacciones\/\",\"url\":\"https:\/\/mercadosautomaticos.com\/index.php\/refacciones\/\",\"name\":\"Seminuevas - Innovaci\u00f3n en Mercados Autom\u00e1ticos\",\"isPartOf\":{\"@id\":\"https:\/\/mercadosautomaticos.com\/#website\"},\"primaryImageOfPage\":{\"@id\":\"https:\/\/mercadosautomaticos.com\/index.php\/refacciones\/#primaryimage\"},\"image\":{\"@id\":\"https:\/\/mercadosautomaticos.com\/index.php\/refacciones\/#primaryimage\"},\"thumbnailUrl\":\"https:\/\/mercadosautomaticos.com\/wp-content\/uploads\/2025\/09\/hero-vending.jpg\",\"datePublished\":\"2025-06-13T04:24:06+00:00\",\"dateModified\":\"2025-09-10T19:04:02+00:00\",\"breadcrumb\":{\"@id\":\"https:\/\/mercadosautomaticos.com\/index.php\/refacciones\/#breadcrumb\"},\"inLanguage\":\"es\",\"potentialAction\":[{\"@type\":\"ReadAction\",\"target\":[\"https:\/\/mercadosautomaticos.com\/index.php\/refacciones\/\"]}]},{\"@type\":\"ImageObject\",\"inLanguage\":\"es\",\"@id\":\"https:\/\/mercadosautomaticos.com\/index.php\/refacciones\/#primaryimage\",\"url\":\"https:\/\/mercadosautomaticos.com\/wp-content\/uploads\/2025\/09\/hero-vending.jpg\",\"contentUrl\":\"https:\/\/mercadosautomaticos.com\/wp-content\/uploads\/2025\/09\/hero-vending.jpg\",\"width\":1900,\"height\":1266},{\"@type\":\"BreadcrumbList\",\"@id\":\"https:\/\/mercadosautomaticos.com\/index.php\/refacciones\/#breadcrumb\",\"itemListElement\":[{\"@type\":\"ListItem\",\"position\":1,\"name\":\"Portada\",\"item\":\"https:\/\/mercadosautomaticos.com\/\"},{\"@type\":\"ListItem\",\"position\":2,\"name\":\"Seminuevas\"}]},{\"@type\":\"WebSite\",\"@id\":\"https:\/\/mercadosautomaticos.com\/#website\",\"url\":\"https:\/\/mercadosautomaticos.com\/\",\"name\":\"Innovaci\u00f3n en Mercados Autom\u00e1ticos\",\"description\":\"\",\"publisher\":{\"@id\":\"https:\/\/mercadosautomaticos.com\/#organization\"},\"potentialAction\":[{\"@type\":\"SearchAction\",\"target\":{\"@type\":\"EntryPoint\",\"urlTemplate\":\"https:\/\/mercadosautomaticos.com\/?s={search_term_string}\"},\"query-input\":{\"@type\":\"PropertyValueSpecification\",\"valueRequired\":true,\"valueName\":\"search_term_string\"}}],\"inLanguage\":\"es\"},{\"@type\":\"Organization\",\"@id\":\"https:\/\/mercadosautomaticos.com\/#organization\",\"name\":\"Innovaci\u00f3n en Mercados Autom\u00e1ticos\",\"url\":\"https:\/\/mercadosautomaticos.com\/\",\"logo\":{\"@type\":\"ImageObject\",\"inLanguage\":\"es\",\"@id\":\"https:\/\/mercadosautomaticos.com\/#\/schema\/logo\/image\/\",\"url\":\"https:\/\/mercadosautomaticos.com\/wp-content\/uploads\/2025\/09\/InnovacionMercadosAutomaticosLogo.jpg\",\"contentUrl\":\"https:\/\/mercadosautomaticos.com\/wp-content\/uploads\/2025\/09\/InnovacionMercadosAutomaticosLogo.jpg\",\"width\":713,\"height\":317,\"caption\":\"Innovaci\u00f3n en Mercados Autom\u00e1ticos\"},\"image\":{\"@id\":\"https:\/\/mercadosautomaticos.com\/#\/schema\/logo\/image\/\"},\"sameAs\":[\"https:\/\/www.facebook.com\/innovacionmercadosautomaticos\",\"https:\/\/www.instagram.com\/innovacionmercadosautomaticos\"]}]}<\/script>\n<!-- \/ Yoast SEO plugin. -->","yoast_head_json":{"title":"Seminuevas - Innovaci\u00f3n en Mercados Autom\u00e1ticos","robots":{"index":"index","follow":"follow","max-snippet":"max-snippet:-1","max-image-preview":"max-image-preview:large","max-video-preview":"max-video-preview:-1"},"canonical":"https:\/\/mercadosautomaticos.com\/index.php\/refacciones\/","og_locale":"es_ES","og_type":"article","og_title":"Seminuevas - Innovaci\u00f3n en Mercados Autom\u00e1ticos","og_description":"En IMA ponemos a tu disposici\u00f3n m\u00e1quinas seminuevas, cuidadosamente revisadas y garantizadas para ofrecerte el mejor rendimiento.Cada equipo pasa por un proceso de inspecci\u00f3n, mantenimiento preventivo y correctivo, asegurando su correcto funcionamiento en sistemas de refrigeraci\u00f3n, monederos, billeteros y tarjetas electr\u00f3nicas. Con nuestras m\u00e1quinas seminuevas obtienes:\u2705 Ahorro significativo frente a [&hellip;]","og_url":"https:\/\/mercadosautomaticos.com\/index.php\/refacciones\/","og_site_name":"Innovaci\u00f3n en Mercados Autom\u00e1ticos","article_publisher":"https:\/\/www.facebook.com\/innovacionmercadosautomaticos","article_modified_time":"2025-09-10T19:04:02+00:00","og_image":[{"width":1900,"height":1266,"url":"https:\/\/mercadosautomaticos.com\/wp-content\/uploads\/2025\/09\/hero-vending.jpg","type":"image\/jpeg"}],"twitter_card":"summary_large_image","twitter_misc":{"Tiempo de lectura":"2 minutos"},"schema":{"@context":"https:\/\/schema.org","@graph":[{"@type":"WebPage","@id":"https:\/\/mercadosautomaticos.com\/index.php\/refacciones\/","url":"https:\/\/mercadosautomaticos.com\/index.php\/refacciones\/","name":"Seminuevas - Innovaci\u00f3n en Mercados Autom\u00e1ticos","isPartOf":{"@id":"https:\/\/mercadosautomaticos.com\/#website"},"primaryImageOfPage":{"@id":"https:\/\/mercadosautomaticos.com\/index.php\/refacciones\/#primaryimage"},"image":{"@id":"https:\/\/mercadosautomaticos.com\/index.php\/refacciones\/#primaryimage"},"thumbnailUrl":"https:\/\/mercadosautomaticos.com\/wp-content\/uploads\/2025\/09\/hero-vending.jpg","datePublished":"2025-06-13T04:24:06+00:00","dateModified":"2025-09-10T19:04:02+00:00","breadcrumb":{"@id":"https:\/\/mercadosautomaticos.com\/index.php\/refacciones\/#breadcrumb"},"inLanguage":"es","potentialAction":[{"@type":"ReadAction","target":["https:\/\/mercadosautomaticos.com\/index.php\/refacciones\/"]}]},{"@type":"ImageObject","inLanguage":"es","@id":"https:\/\/mercadosautomaticos.com\/index.php\/refacciones\/#primaryimage","url":"https:\/\/mercadosautomaticos.com\/wp-content\/uploads\/2025\/09\/hero-vending.jpg","contentUrl":"https:\/\/mercadosautomaticos.com\/wp-content\/uploads\/2025\/09\/hero-vending.jpg","width":1900,"height":1266},{"@type":"BreadcrumbList","@id":"https:\/\/mercadosautomaticos.com\/index.php\/refacciones\/#breadcrumb","itemListElement":[{"@type":"ListItem","position":1,"name":"Portada","item":"https:\/\/mercadosautomaticos.com\/"},{"@type":"ListItem","position":2,"name":"Seminuevas"}]},{"@type":"WebSite","@id":"https:\/\/mercadosautomaticos.com\/#website","url":"https:\/\/mercadosautomaticos.com\/","name":"Innovaci\u00f3n en Mercados Autom\u00e1ticos","description":"","publisher":{"@id":"https:\/\/mercadosautomaticos.com\/#organization"},"potentialAction":[{"@type":"SearchAction","target":{"@type":"EntryPoint","urlTemplate":"https:\/\/mercadosautomaticos.com\/?s={search_term_string}"},"query-input":{"@type":"PropertyValueSpecification","valueRequired":true,"valueName":"search_term_string"}}],"inLanguage":"es"},{"@type":"Organization","@id":"https:\/\/mercadosautomaticos.com\/#organization","name":"Innovaci\u00f3n en Mercados Autom\u00e1ticos","url":"https:\/\/mercadosautomaticos.com\/","logo":{"@type":"ImageObject","inLanguage":"es","@id":"https:\/\/mercadosautomaticos.com\/#\/schema\/logo\/image\/","url":"https:\/\/mercadosautomaticos.com\/wp-content\/uploads\/2025\/09\/InnovacionMercadosAutomaticosLogo.jpg","contentUrl":"https:\/\/mercadosautomaticos.com\/wp-content\/uploads\/2025\/09\/InnovacionMercadosAutomaticosLogo.jpg","width":713,"height":317,"caption":"Innovaci\u00f3n en Mercados Autom\u00e1ticos"},"image":{"@id":"https:\/\/mercadosautomaticos.com\/#\/schema\/logo\/image\/"},"sameAs":["https:\/\/www.facebook.com\/innovacionmercadosautomaticos","https:\/\/www.instagram.com\/innovacionmercadosautomaticos"]}]}},"_links":{"self":[{"href":"https:\/\/mercadosautomaticos.com\/index.php\/wp-json\/wp\/v2\/pages\/145","targetHints":{"allow":["GET"]}}],"collection":[{"href":"https:\/\/mercadosautomaticos.com\/index.php\/wp-json\/wp\/v2\/pages"}],"about":[{"href":"https:\/\/mercadosautomaticos.com\/index.php\/wp-json\/wp\/v2\/types\/page"}],"author":[{"embeddable":true,"href":"https:\/\/mercadosautomaticos.com\/index.php\/wp-json\/wp\/v2\/users\/1"}],"replies":[{"embeddable":true,"href":"https:\/\/mercadosautomaticos.com\/index.php\/wp-json\/wp\/v2\/comments?post=145"}],"version-history":[{"count":5,"href":"https:\/\/mercadosautomaticos.com\/index.php\/wp-json\/wp\/v2\/pages\/145\/revisions"}],"predecessor-version":[{"id":285,"href":"https:\/\/mercadosautomaticos.com\/index.php\/wp-json\/wp\/v2\/pages\/145\/revisions\/285"}],"wp:featuredmedia":[{"embeddable":true,"href":"https:\/\/mercadosautomaticos.com\/index.php\/wp-json\/wp\/v2\/media\/184"}],"wp:attachment":[{"href":"https:\/\/mercadosautomaticos.com\/index.php\/wp-json\/wp\/v2\/media?parent=145"}],"curies":[{"name":"wp","href":"https:\/\/api.w.org\/{rel}","templated":true}]}}