{"id":30,"date":"2025-06-06T05:06:40","date_gmt":"2025-06-06T05:06:40","guid":{"rendered":"https:\/\/mercadosautomaticos.com\/?page_id=30"},"modified":"2025-09-15T22:06:53","modified_gmt":"2025-09-15T22:06:53","slug":"maquinas-expendedoras-mexico","status":"publish","type":"page","link":"https:\/\/mercadosautomaticos.com\/","title":{"rendered":"Inicio"},"content":{"rendered":"\n<div class=\"wp-block-cover alignfull hestia-clear-top-padding\" style=\"min-height:784px;aspect-ratio:unset;\"><span aria-hidden=\"true\" class=\"wp-block-cover__background has-white-background-color has-background-dim-100 has-background-dim\"><\/span><div class=\"wp-block-cover__inner-container is-layout-flow wp-block-cover-is-layout-flow\">\n<h2 class=\"wp-block-heading has-text-align-center has-accent-color has-text-color\" id=\"mtto\">MANTENIMIENTOS<\/h2>\n\n\n\n<div style=\"height:40px\" aria-hidden=\"true\" class=\"wp-block-spacer\"><\/div>\n\n\n\n<div class=\"wp-block-columns container is-layout-flex wp-container-core-columns-is-layout-28f84493 wp-block-columns-is-layout-flex\">\n<div class=\"wp-block-column is-layout-flow wp-block-column-is-layout-flow\">\n<h3 class=\"wp-block-heading has-text-align-left has-black-color has-text-color has-link-color wp-elements-c9a4a21a33e2857d37612556e9a58679\" style=\"font-size:16px\">Mantenimientos preventivos y correctivos<\/h3>\n\n\n\n<p class=\"has-black-color has-text-color has-link-color wp-elements-ec00114486b4d4ebf51f4f67c2f2db76\" style=\"font-size:16px\"><strong>Alarga la vida de tus m\u00e1quinas expendedoras.<\/strong><br>Nuestro servicio de <strong>mantenimiento preventivo y correctivo<\/strong> asegura el funcionamiento \u00f3ptimo de tu equipo: desde la m\u00e1quina completa hasta <strong>sistemas de refrigeraci\u00f3n, monederos y billeteros<\/strong>.<br>Conf\u00eda en nosotros para que tus m\u00e1quinas siempre est\u00e9n listas para vender.<\/p>\n\n\n\n<p class=\"has-black-color has-text-color has-link-color wp-elements-7359b83430f7bc56481465d198300cb1\" style=\"font-size:16px\">\ud83d\udc49 <strong>Agenda tu mantenimiento hoy mismo y evita costosas fallas.<\/strong><\/p>\n\n\n<div class=\"wp-block-image\">\n<figure class=\"aligncenter size-thumbnail is-resized\"><a href=\"https:\/\/bit.ly\/43ZJgix\"><img loading=\"lazy\" decoding=\"async\" width=\"150\" height=\"150\" src=\"https:\/\/mercadosautomaticos.com\/wp-content\/uploads\/2025\/09\/whatsappmercadosautomaticos-150x150.png\" alt=\"\" class=\"wp-image-213\" style=\"object-fit:cover;width:100px;height:100px\" srcset=\"https:\/\/mercadosautomaticos.com\/wp-content\/uploads\/2025\/09\/whatsappmercadosautomaticos-150x150.png 150w, https:\/\/mercadosautomaticos.com\/wp-content\/uploads\/2025\/09\/whatsappmercadosautomaticos-300x300.png 300w, https:\/\/mercadosautomaticos.com\/wp-content\/uploads\/2025\/09\/whatsappmercadosautomaticos-768x768.png 768w, https:\/\/mercadosautomaticos.com\/wp-content\/uploads\/2025\/09\/whatsappmercadosautomaticos.png 800w\" sizes=\"auto, (max-width: 150px) 100vw, 150px\" \/><\/a><\/figure>\n<\/div>\n\n\n<p class=\"has-text-align-center has-black-color has-text-color has-link-color wp-elements-da0bffb335d40d30325d1e3d42c7fd56\" style=\"font-size:16px\">Maquina completa<br>Sistemas de refrigeraci\u00f3n<br>Monederos<br>Billeteros<\/p>\n<\/div>\n\n\n\n<div class=\"wp-block-column is-layout-flow wp-block-column-is-layout-flow\" style=\"flex-basis:10px\"><\/div>\n\n\n\n<div class=\"wp-block-column is-layout-flow wp-block-column-is-layout-flow\"><div class=\"wp-block-image\">\n<figure class=\"aligncenter size-large is-resized\"><img loading=\"lazy\" decoding=\"async\" width=\"683\" height=\"1024\" src=\"https:\/\/mercadosautomaticos.com\/wp-content\/uploads\/2025\/09\/mttoima-683x1024.png\" alt=\"\" class=\"wp-image-220\" style=\"width:auto;height:500px\" srcset=\"https:\/\/mercadosautomaticos.com\/wp-content\/uploads\/2025\/09\/mttoima-683x1024.png 683w, https:\/\/mercadosautomaticos.com\/wp-content\/uploads\/2025\/09\/mttoima-200x300.png 200w, https:\/\/mercadosautomaticos.com\/wp-content\/uploads\/2025\/09\/mttoima-768x1152.png 768w, https:\/\/mercadosautomaticos.com\/wp-content\/uploads\/2025\/09\/mttoima.png 1024w\" sizes=\"auto, (max-width: 683px) 100vw, 683px\" \/><\/figure>\n<\/div><\/div>\n<\/div>\n\n\n\n<p><\/p>\n\n\n\n<div style=\"height:100px\" aria-hidden=\"true\" id=\"rep\" class=\"wp-block-spacer\"><\/div>\n<\/div><\/div>\n\n\n\n<div class=\"wp-block-cover alignfull hestia-clear-top-padding\" style=\"min-height:617px;aspect-ratio:unset;\"><span aria-hidden=\"true\" class=\"wp-block-cover__background has-white-background-color has-background-dim-100 has-background-dim\"><\/span><div class=\"wp-block-cover__inner-container is-layout-flow wp-block-cover-is-layout-flow\">\n<h2 class=\"wp-block-heading has-text-align-center has-accent-color has-text-color\" id=\"rep\">REPARACIONES<\/h2>\n\n\n\n<p><\/p>\n\n\n\n<div class=\"wp-block-columns container is-layout-flex wp-container-core-columns-is-layout-28f84493 wp-block-columns-is-layout-flex\">\n<div class=\"wp-block-column is-layout-flow wp-block-column-is-layout-flow\"><div class=\"wp-block-image\">\n<figure class=\"aligncenter size-large is-resized\"><img loading=\"lazy\" decoding=\"async\" width=\"683\" height=\"1024\" src=\"https:\/\/mercadosautomaticos.com\/wp-content\/uploads\/2025\/09\/imareparacion-683x1024.png\" alt=\"\" class=\"wp-image-222\" style=\"width:auto;height:500px\" srcset=\"https:\/\/mercadosautomaticos.com\/wp-content\/uploads\/2025\/09\/imareparacion-683x1024.png 683w, https:\/\/mercadosautomaticos.com\/wp-content\/uploads\/2025\/09\/imareparacion-200x300.png 200w, https:\/\/mercadosautomaticos.com\/wp-content\/uploads\/2025\/09\/imareparacion-768x1152.png 768w, https:\/\/mercadosautomaticos.com\/wp-content\/uploads\/2025\/09\/imareparacion.png 1024w\" sizes=\"auto, (max-width: 683px) 100vw, 683px\" \/><\/figure>\n<\/div><\/div>\n\n\n\n<div class=\"wp-block-column is-layout-flow wp-block-column-is-layout-flow\" style=\"flex-basis:10px\"><\/div>\n\n\n\n<div class=\"wp-block-column is-layout-flow wp-block-column-is-layout-flow\">\n<p class=\"has-black-color has-text-color has-link-color wp-elements-15f114f1e66ce0b7a9f7ee804926a84c\" style=\"font-size:16px\"><strong>Reparamos lo que otros no pueden.<\/strong><br>Nuestro equipo especializado soluciona fallas en <strong>tarjetas electr\u00f3nicas, monederos, billeteros y sistemas de refrigeraci\u00f3n<\/strong>.<br>Recupera el rendimiento de tus m\u00e1quinas sin necesidad de reemplazos costosos.<\/p>\n\n\n\n<p class=\"has-black-color has-text-color has-link-color wp-elements-8d88af041cccd8d4770a99c11ba579c9\" style=\"font-size:16px\"><br>\ud83d\udc49 <strong>Solicita tu reparaci\u00f3n ahora y pon tu m\u00e1quina de nuevo en servicio.<\/strong><\/p>\n\n\n<div class=\"wp-block-image\">\n<figure class=\"aligncenter size-full is-resized\"><a href=\"https:\/\/bit.ly\/43ZJgix\"><img loading=\"lazy\" decoding=\"async\" width=\"800\" height=\"800\" src=\"https:\/\/mercadosautomaticos.com\/wp-content\/uploads\/2025\/09\/whatsappmercadosautomaticos.png\" alt=\"\" class=\"wp-image-213\" style=\"object-fit:cover;width:100px;height:100px\" srcset=\"https:\/\/mercadosautomaticos.com\/wp-content\/uploads\/2025\/09\/whatsappmercadosautomaticos.png 800w, https:\/\/mercadosautomaticos.com\/wp-content\/uploads\/2025\/09\/whatsappmercadosautomaticos-300x300.png 300w, https:\/\/mercadosautomaticos.com\/wp-content\/uploads\/2025\/09\/whatsappmercadosautomaticos-150x150.png 150w, https:\/\/mercadosautomaticos.com\/wp-content\/uploads\/2025\/09\/whatsappmercadosautomaticos-768x768.png 768w\" sizes=\"auto, (max-width: 800px) 100vw, 800px\" \/><\/a><\/figure>\n<\/div>\n\n\n<p class=\"has-text-align-center has-black-color has-text-color\" style=\"font-size:12px\">Tarjetas el\u00e9ctronicas<br>Monederos<br>Billeteros<br>Sistemas de refrigeraci\u00f3n<\/p>\n\n\n\n<div style=\"height:25px\" aria-hidden=\"true\" class=\"wp-block-spacer\"><\/div>\n<\/div>\n<\/div>\n\n\n\n<div style=\"height:100px\" aria-hidden=\"true\" id=\"tael\" class=\"wp-block-spacer\"><\/div>\n<\/div><\/div>\n\n\n\n<div class=\"wp-block-cover alignfull hestia-clear-top-padding\" style=\"min-height:849px;aspect-ratio:unset;\"><span aria-hidden=\"true\" class=\"wp-block-cover__background has-white-background-color has-background-dim-100 has-background-dim\"><\/span><div class=\"wp-block-cover__inner-container is-layout-flow wp-block-cover-is-layout-flow\">\n<h2 class=\"wp-block-heading has-text-align-center has-accent-color has-text-color\" id=\"rep\">Expertos en Reparaci\u00f3n de Tarjetas Electr\u00f3nicas para M\u00e1quinas Expendedoras<\/h2>\n\n\n\n<div class=\"wp-block-columns container is-layout-flex wp-container-core-columns-is-layout-28f84493 wp-block-columns-is-layout-flex\">\n<div class=\"wp-block-column is-layout-flow wp-block-column-is-layout-flow\">\n<p class=\"has-text-align-center has-black-color has-text-color has-link-color wp-elements-c5af46d5132f4a8395633e96e0c98486\" style=\"font-size:16px\">En <strong>IMA<\/strong> somos especialistas en la <strong>reparaci\u00f3n de tarjetas electr\u00f3nicas<\/strong>, el coraz\u00f3n de tus m\u00e1quinas expendedoras.<br>Nuestro laboratorio t\u00e9cnico cuenta con las herramientas y experiencia necesarias para diagnosticar y reparar fallas en componentes electr\u00f3nicos cr\u00edticos, logrando que tu equipo vuelva a funcionar sin necesidad de costosos reemplazos.<br>\ud83d\udca1 Con nuestra reparaci\u00f3n, reduces gastos, extiendes la vida \u00fatil de tus m\u00e1quinas y aseguras su m\u00e1ximo rendimiento.<br><a href=\"tel:3311431746\">\ud83d\udcde Cont\u00e1ctanos hoy y solicita tu diagn\u00f3stico sin compromiso.<\/a><\/p>\n\n\n<div class=\"wp-block-image\">\n<figure class=\"aligncenter size-large\"><img loading=\"lazy\" decoding=\"async\" width=\"1024\" height=\"683\" src=\"https:\/\/mercadosautomaticos.com\/wp-content\/uploads\/2025\/09\/IMAtarjetas-1024x683.png\" alt=\"\" class=\"wp-image-235\" srcset=\"https:\/\/mercadosautomaticos.com\/wp-content\/uploads\/2025\/09\/IMAtarjetas-1024x683.png 1024w, https:\/\/mercadosautomaticos.com\/wp-content\/uploads\/2025\/09\/IMAtarjetas-300x200.png 300w, https:\/\/mercadosautomaticos.com\/wp-content\/uploads\/2025\/09\/IMAtarjetas-768x512.png 768w, https:\/\/mercadosautomaticos.com\/wp-content\/uploads\/2025\/09\/IMAtarjetas-360x240.png 360w, https:\/\/mercadosautomaticos.com\/wp-content\/uploads\/2025\/09\/IMAtarjetas.png 1536w\" sizes=\"auto, (max-width: 1024px) 100vw, 1024px\" \/><\/figure>\n<\/div><\/div>\n<\/div>\n\n\n\n<div style=\"height:100px\" aria-hidden=\"true\" id=\"tael\" class=\"wp-block-spacer\"><\/div>\n<\/div><\/div>\n","protected":false},"excerpt":{"rendered":"","protected":false},"author":1,"featured_media":184,"parent":0,"menu_order":0,"comment_status":"closed","ping_status":"closed","template":"","meta":{"_themeisle_gutenberg_block_has_review":false,"footnotes":""},"class_list":["post-30","page","type-page","status-publish","has-post-thumbnail","hentry"],"yoast_head":"<!-- This site is optimized with the Yoast SEO plugin v25.2 - https:\/\/yoast.com\/wordpress\/plugins\/seo\/ -->\n<title>Innovaci\u00f3n en Mercados Autom\u00e1ticos | M\u00e1quinas Expendedoras M\u00e9xico | Vending Guadalajara<\/title>\n<meta name=\"description\" content=\"Venta de m\u00e1quinas expendedoras nuevas, mantenimiento y reparaci\u00f3n de tarjetas electr\u00f3nicas. +20 a\u00f1os de experiencia en vending en M\u00e9xico.\" \/>\n<meta name=\"robots\" content=\"index, follow, max-snippet:-1, max-image-preview:large, max-video-preview:-1\" \/>\n<link rel=\"canonical\" href=\"https:\/\/mercadosautomaticos.com\/\" \/>\n<meta property=\"og:locale\" content=\"es_ES\" \/>\n<meta property=\"og:type\" content=\"article\" \/>\n<meta property=\"og:title\" content=\"Innovaci\u00f3n en Mercados Autom\u00e1ticos | M\u00e1quinas Expendedoras M\u00e9xico | Vending Guadalajara\" \/>\n<meta property=\"og:description\" content=\"Venta de m\u00e1quinas expendedoras nuevas, mantenimiento y reparaci\u00f3n de tarjetas electr\u00f3nicas. +20 a\u00f1os de experiencia en vending en M\u00e9xico.\" \/>\n<meta property=\"og:url\" content=\"https:\/\/mercadosautomaticos.com\/\" \/>\n<meta property=\"og:site_name\" content=\"Innovaci\u00f3n en Mercados Autom\u00e1ticos\" \/>\n<meta property=\"article:publisher\" content=\"https:\/\/www.facebook.com\/innovacionmercadosautomaticos\" \/>\n<meta property=\"article:modified_time\" content=\"2025-09-15T22:06:53+00:00\" \/>\n<meta property=\"og:image\" content=\"https:\/\/mercadosautomaticos.com\/wp-content\/uploads\/2025\/09\/hero-vending.jpg\" \/>\n\t<meta property=\"og:image:width\" content=\"1900\" \/>\n\t<meta property=\"og:image:height\" content=\"1266\" \/>\n\t<meta property=\"og:image:type\" content=\"image\/jpeg\" \/>\n<meta name=\"twitter:card\" content=\"summary_large_image\" \/>\n<meta name=\"twitter:label1\" content=\"Tiempo de lectura\" \/>\n\t<meta name=\"twitter:data1\" content=\"3 minutos\" \/>\n<script type=\"application\/ld+json\" class=\"yoast-schema-graph\">{\"@context\":\"https:\/\/schema.org\",\"@graph\":[{\"@type\":\"WebPage\",\"@id\":\"https:\/\/mercadosautomaticos.com\/\",\"url\":\"https:\/\/mercadosautomaticos.com\/\",\"name\":\"Innovaci\u00f3n en Mercados Autom\u00e1ticos | M\u00e1quinas Expendedoras M\u00e9xico | Vending Guadalajara\",\"isPartOf\":{\"@id\":\"https:\/\/mercadosautomaticos.com\/#website\"},\"primaryImageOfPage\":{\"@id\":\"https:\/\/mercadosautomaticos.com\/#primaryimage\"},\"image\":{\"@id\":\"https:\/\/mercadosautomaticos.com\/#primaryimage\"},\"thumbnailUrl\":\"https:\/\/mercadosautomaticos.com\/wp-content\/uploads\/2025\/09\/hero-vending.jpg\",\"datePublished\":\"2025-06-06T05:06:40+00:00\",\"dateModified\":\"2025-09-15T22:06:53+00:00\",\"description\":\"Venta de m\u00e1quinas expendedoras nuevas, mantenimiento y reparaci\u00f3n de tarjetas electr\u00f3nicas. +20 a\u00f1os de experiencia en vending en M\u00e9xico.\",\"breadcrumb\":{\"@id\":\"https:\/\/mercadosautomaticos.com\/#breadcrumb\"},\"inLanguage\":\"es\",\"potentialAction\":[{\"@type\":\"ReadAction\",\"target\":[\"https:\/\/mercadosautomaticos.com\/\"]}]},{\"@type\":\"ImageObject\",\"inLanguage\":\"es\",\"@id\":\"https:\/\/mercadosautomaticos.com\/#primaryimage\",\"url\":\"https:\/\/mercadosautomaticos.com\/wp-content\/uploads\/2025\/09\/hero-vending.jpg\",\"contentUrl\":\"https:\/\/mercadosautomaticos.com\/wp-content\/uploads\/2025\/09\/hero-vending.jpg\",\"width\":1900,\"height\":1266},{\"@type\":\"BreadcrumbList\",\"@id\":\"https:\/\/mercadosautomaticos.com\/#breadcrumb\",\"itemListElement\":[{\"@type\":\"ListItem\",\"position\":1,\"name\":\"Portada\",\"item\":\"https:\/\/mercadosautomaticos.com\/\"},{\"@type\":\"ListItem\",\"position\":2,\"name\":\"Inicio\"}]},{\"@type\":\"WebSite\",\"@id\":\"https:\/\/mercadosautomaticos.com\/#website\",\"url\":\"https:\/\/mercadosautomaticos.com\/\",\"name\":\"Innovaci\u00f3n en Mercados Autom\u00e1ticos\",\"description\":\"\",\"publisher\":{\"@id\":\"https:\/\/mercadosautomaticos.com\/#organization\"},\"potentialAction\":[{\"@type\":\"SearchAction\",\"target\":{\"@type\":\"EntryPoint\",\"urlTemplate\":\"https:\/\/mercadosautomaticos.com\/?s={search_term_string}\"},\"query-input\":{\"@type\":\"PropertyValueSpecification\",\"valueRequired\":true,\"valueName\":\"search_term_string\"}}],\"inLanguage\":\"es\"},{\"@type\":\"Organization\",\"@id\":\"https:\/\/mercadosautomaticos.com\/#organization\",\"name\":\"Innovaci\u00f3n en Mercados Autom\u00e1ticos\",\"url\":\"https:\/\/mercadosautomaticos.com\/\",\"logo\":{\"@type\":\"ImageObject\",\"inLanguage\":\"es\",\"@id\":\"https:\/\/mercadosautomaticos.com\/#\/schema\/logo\/image\/\",\"url\":\"https:\/\/mercadosautomaticos.com\/wp-content\/uploads\/2025\/09\/InnovacionMercadosAutomaticosLogo.jpg\",\"contentUrl\":\"https:\/\/mercadosautomaticos.com\/wp-content\/uploads\/2025\/09\/InnovacionMercadosAutomaticosLogo.jpg\",\"width\":713,\"height\":317,\"caption\":\"Innovaci\u00f3n en Mercados Autom\u00e1ticos\"},\"image\":{\"@id\":\"https:\/\/mercadosautomaticos.com\/#\/schema\/logo\/image\/\"},\"sameAs\":[\"https:\/\/www.facebook.com\/innovacionmercadosautomaticos\",\"https:\/\/www.instagram.com\/innovacionmercadosautomaticos\"]}]}<\/script>\n<!-- \/ Yoast SEO plugin. -->","yoast_head_json":{"title":"Innovaci\u00f3n en Mercados Autom\u00e1ticos | M\u00e1quinas Expendedoras M\u00e9xico | Vending Guadalajara","description":"Venta de m\u00e1quinas expendedoras nuevas, mantenimiento y reparaci\u00f3n de tarjetas electr\u00f3nicas. +20 a\u00f1os de experiencia en vending en M\u00e9xico.","robots":{"index":"index","follow":"follow","max-snippet":"max-snippet:-1","max-image-preview":"max-image-preview:large","max-video-preview":"max-video-preview:-1"},"canonical":"https:\/\/mercadosautomaticos.com\/","og_locale":"es_ES","og_type":"article","og_title":"Innovaci\u00f3n en Mercados Autom\u00e1ticos | M\u00e1quinas Expendedoras M\u00e9xico | Vending Guadalajara","og_description":"Venta de m\u00e1quinas expendedoras nuevas, mantenimiento y reparaci\u00f3n de tarjetas electr\u00f3nicas. +20 a\u00f1os de experiencia en vending en M\u00e9xico.","og_url":"https:\/\/mercadosautomaticos.com\/","og_site_name":"Innovaci\u00f3n en Mercados Autom\u00e1ticos","article_publisher":"https:\/\/www.facebook.com\/innovacionmercadosautomaticos","article_modified_time":"2025-09-15T22:06:53+00:00","og_image":[{"width":1900,"height":1266,"url":"https:\/\/mercadosautomaticos.com\/wp-content\/uploads\/2025\/09\/hero-vending.jpg","type":"image\/jpeg"}],"twitter_card":"summary_large_image","twitter_misc":{"Tiempo de lectura":"3 minutos"},"schema":{"@context":"https:\/\/schema.org","@graph":[{"@type":"WebPage","@id":"https:\/\/mercadosautomaticos.com\/","url":"https:\/\/mercadosautomaticos.com\/","name":"Innovaci\u00f3n en Mercados Autom\u00e1ticos | M\u00e1quinas Expendedoras M\u00e9xico | Vending Guadalajara","isPartOf":{"@id":"https:\/\/mercadosautomaticos.com\/#website"},"primaryImageOfPage":{"@id":"https:\/\/mercadosautomaticos.com\/#primaryimage"},"image":{"@id":"https:\/\/mercadosautomaticos.com\/#primaryimage"},"thumbnailUrl":"https:\/\/mercadosautomaticos.com\/wp-content\/uploads\/2025\/09\/hero-vending.jpg","datePublished":"2025-06-06T05:06:40+00:00","dateModified":"2025-09-15T22:06:53+00:00","description":"Venta de m\u00e1quinas expendedoras nuevas, mantenimiento y reparaci\u00f3n de tarjetas electr\u00f3nicas. +20 a\u00f1os de experiencia en vending en M\u00e9xico.","breadcrumb":{"@id":"https:\/\/mercadosautomaticos.com\/#breadcrumb"},"inLanguage":"es","potentialAction":[{"@type":"ReadAction","target":["https:\/\/mercadosautomaticos.com\/"]}]},{"@type":"ImageObject","inLanguage":"es","@id":"https:\/\/mercadosautomaticos.com\/#primaryimage","url":"https:\/\/mercadosautomaticos.com\/wp-content\/uploads\/2025\/09\/hero-vending.jpg","contentUrl":"https:\/\/mercadosautomaticos.com\/wp-content\/uploads\/2025\/09\/hero-vending.jpg","width":1900,"height":1266},{"@type":"BreadcrumbList","@id":"https:\/\/mercadosautomaticos.com\/#breadcrumb","itemListElement":[{"@type":"ListItem","position":1,"name":"Portada","item":"https:\/\/mercadosautomaticos.com\/"},{"@type":"ListItem","position":2,"name":"Inicio"}]},{"@type":"WebSite","@id":"https:\/\/mercadosautomaticos.com\/#website","url":"https:\/\/mercadosautomaticos.com\/","name":"Innovaci\u00f3n en Mercados Autom\u00e1ticos","description":"","publisher":{"@id":"https:\/\/mercadosautomaticos.com\/#organization"},"potentialAction":[{"@type":"SearchAction","target":{"@type":"EntryPoint","urlTemplate":"https:\/\/mercadosautomaticos.com\/?s={search_term_string}"},"query-input":{"@type":"PropertyValueSpecification","valueRequired":true,"valueName":"search_term_string"}}],"inLanguage":"es"},{"@type":"Organization","@id":"https:\/\/mercadosautomaticos.com\/#organization","name":"Innovaci\u00f3n en Mercados Autom\u00e1ticos","url":"https:\/\/mercadosautomaticos.com\/","logo":{"@type":"ImageObject","inLanguage":"es","@id":"https:\/\/mercadosautomaticos.com\/#\/schema\/logo\/image\/","url":"https:\/\/mercadosautomaticos.com\/wp-content\/uploads\/2025\/09\/InnovacionMercadosAutomaticosLogo.jpg","contentUrl":"https:\/\/mercadosautomaticos.com\/wp-content\/uploads\/2025\/09\/InnovacionMercadosAutomaticosLogo.jpg","width":713,"height":317,"caption":"Innovaci\u00f3n en Mercados Autom\u00e1ticos"},"image":{"@id":"https:\/\/mercadosautomaticos.com\/#\/schema\/logo\/image\/"},"sameAs":["https:\/\/www.facebook.com\/innovacionmercadosautomaticos","https:\/\/www.instagram.com\/innovacionmercadosautomaticos"]}]}},"_links":{"self":[{"href":"https:\/\/mercadosautomaticos.com\/index.php\/wp-json\/wp\/v2\/pages\/30","targetHints":{"allow":["GET"]}}],"collection":[{"href":"https:\/\/mercadosautomaticos.com\/index.php\/wp-json\/wp\/v2\/pages"}],"about":[{"href":"https:\/\/mercadosautomaticos.com\/index.php\/wp-json\/wp\/v2\/types\/page"}],"author":[{"embeddable":true,"href":"https:\/\/mercadosautomaticos.com\/index.php\/wp-json\/wp\/v2\/users\/1"}],"replies":[{"embeddable":true,"href":"https:\/\/mercadosautomaticos.com\/index.php\/wp-json\/wp\/v2\/comments?post=30"}],"version-history":[{"count":72,"href":"https:\/\/mercadosautomaticos.com\/index.php\/wp-json\/wp\/v2\/pages\/30\/revisions"}],"predecessor-version":[{"id":307,"href":"https:\/\/mercadosautomaticos.com\/index.php\/wp-json\/wp\/v2\/pages\/30\/revisions\/307"}],"wp:featuredmedia":[{"embeddable":true,"href":"https:\/\/mercadosautomaticos.com\/index.php\/wp-json\/wp\/v2\/media\/184"}],"wp:attachment":[{"href":"https:\/\/mercadosautomaticos.com\/index.php\/wp-json\/wp\/v2\/media?parent=30"}],"curies":[{"name":"wp","href":"https:\/\/api.w.org\/{rel}","templated":true}]}}